{"id":83,"date":"2018-08-11T19:44:38","date_gmt":"2018-08-11T17:44:38","guid":{"rendered":"http:\/\/192.168.178.155\/f75-schoeneck.de\/wordpress\/?page_id=83"},"modified":"2020-12-16T19:16:25","modified_gmt":"2020-12-16T18:16:25","slug":"via-regia-diplom-francais","status":"publish","type":"page","link":"https:\/\/www.f75-schoeneck.de\/index.php\/via-regia-diplom-francais\/","title":{"rendered":"Via Regia Award -Fran\u00e7ais-"},"content":{"rendered":"<p><img loading=\"lazy\" decoding=\"async\" class=\"aligncenter size-full wp-image-1502\" src=\"https:\/\/www.f75-schoeneck.de\/wp-content\/uploads\/2020\/12\/0000-DL5K-Diplom-klein.jpg\" alt=\"\" width=\"9000\" height=\"6000\" srcset=\"https:\/\/www.f75-schoeneck.de\/wp-content\/uploads\/2020\/12\/0000-DL5K-Diplom-klein.jpg 9000w, https:\/\/www.f75-schoeneck.de\/wp-content\/uploads\/2020\/12\/0000-DL5K-Diplom-klein-300x200.jpg 300w, https:\/\/www.f75-schoeneck.de\/wp-content\/uploads\/2020\/12\/0000-DL5K-Diplom-klein-1024x683.jpg 1024w, https:\/\/www.f75-schoeneck.de\/wp-content\/uploads\/2020\/12\/0000-DL5K-Diplom-klein-768x512.jpg 768w\" sizes=\"auto, (max-width: 9000px) 100vw, 9000px\" \/><\/p>\n<p><span lang=\"fr-FR\">La VIA REGIA est le nom de la plus ancienne et la plus longue liaison terrestre entre l&#8217;Europe de l&#8217;Est et de l&#8217;Ouest. Il existe depuis plus de 2 000 ans et, d\u2019une longueur de 4 500 km, relie huit pays europ\u00e9ens. La rue existe \u00e0 pr\u00e9sent sous sa forme moderne sous le nom de corridor de transport europ\u00e9en C III. Un r\u00e9seau international utilise le potentiel de VIA REGIA comme symbole de l&#8217;unification de l&#8217;Europe et a \u00e9t\u00e9 honor\u00e9 en 2006 en tant que &#8222;Grand itin\u00e9raire culturel du Conseil de l&#8217;Europe&#8220;.<\/span><\/p>\n<p>Afin de promouvoir les activit\u00e9s de radioamateur le long de cette route historique, la section locale Sch\u00f6neck (F75) du chapitre local de la radio amateur allemande (DARC) d\u00e9cerne le dipl\u00f4me Via Regia \u00e0 tous les radioamateurs et SWL titulaires d&#8217;une licence pour leurs contacts \u00e9tablis apr\u00e8s le 1er janvier 2006 Reconnaissance en tant que &#8222;Grand itin\u00e9raire culturel du Conseil de l&#8217;Europe&#8220;.<\/p>\n<p><span lang=\"fr-FR\">Le dipl\u00f4me peut \u00eatre appliqu\u00e9 sur ondes courtes ou VHF. Pour obtenir le dipl\u00f4me, les connexions suivantes sont n\u00e9cessaires:<\/span><\/p>\n<p><span lang=\"fr-FR\">en <\/span><strong><span lang=\"fr-FR\">ondes courtes<\/span><\/strong><span lang=\"fr-FR\">, <\/span><strong><span lang=\"fr-FR\">un<\/span><\/strong><span lang=\"fr-FR\"> contact avec chacun <\/span><strong><span lang=\"fr-FR\">tous<\/span> <\/strong><span lang=\"fr-FR\">des <\/span><span lang=\"fr-FR\">huit<\/span><span lang=\"fr-FR\"> pays:<\/span><\/p>\n<p style=\"padding-left: 40px;\"><span lang=\"fr-FR\">Espagne (EA)<br \/>\nFrance (F)<br \/>\nBelgique (ON)<br \/>\nAllemagne (DL)<br \/>\nPologne (SP)<br \/>\nUkraine (UR)<br \/>\nBelarus (UE)<br \/>\nLituanie (LY)<\/span><\/p>\n<p><span lang=\"fr-FR\">sur <\/span><strong><span lang=\"fr-FR\">VHF<\/span><\/strong><span lang=\"fr-FR\">, <\/span><strong><span lang=\"fr-FR\">un<\/span><\/strong><span lang=\"fr-FR\"> contact avec <\/span><span lang=\"fr-FR\">chacun<\/span> <strong><span lang=\"fr-FR\">tous<\/span> <\/strong><span lang=\"fr-FR\">les quatre \u00c9tats f\u00e9d\u00e9raux (ces \u00c9tats sont situ\u00e9s le long de la &#8222;Hohe Strasse&#8220;, une ancienne route commerciale reliant Francfort \u00e0 Leipzig dans le cadre de la Via Regia):<\/span><\/p>\n<p style=\"padding-left: 40px;\"><span lang=\"fr-FR\">Hesse (DOK F)<br \/>\nSaxe (DOK S)<br \/>\nSaxe Anhalt (DOK W)<br \/>\nThuringe (DOK X)<\/span><\/p>\n<p><span lang=\"fr-FR\">La demande de dipl\u00f4me peut \u00eatre envoy\u00e9e avec un extrait du journal par courrier \u00e9lectronique \u00e0 viaregiaaward@googlemail.com. Il n&#8217;y a pas de restriction de bande ou de mode.<\/span><\/p>\n<p>Le dipl\u00f4me est gratuit et sera envoy\u00e9 au format PDF et, sur demande, au format JPEG. Une version imprim\u00e9e au format 20x30cm est disponible au prix de 5 \u20ac (coordonn\u00e9es bancaires pour le virement veuillez demander par email) par courrier.<\/p>\n","protected":false},"excerpt":{"rendered":"<p>La VIA REGIA est le nom de la plus ancienne et la plus longue liaison terrestre entre l&#8217;Europe de l&#8217;Est et de l&#8217;Ouest. Il existe depuis plus de 2 000 ans et, d\u2019une longueur de 4 500 km, relie huit pays europ\u00e9ens. La rue existe \u00e0 pr\u00e9sent sous sa forme moderne sous le nom de &#8230; <a title=\"Via Regia Award -Fran\u00e7ais-\" class=\"read-more\" href=\"https:\/\/www.f75-schoeneck.de\/index.php\/via-regia-diplom-francais\/\" aria-label=\"Mehr Informationen \u00fcber Via Regia Award -Fran\u00e7ais-\">Weiterlesen<\/a><\/p>\n","protected":false},"author":1,"featured_media":0,"parent":0,"menu_order":0,"comment_status":"closed","ping_status":"closed","template":"","meta":{"ngg_post_thumbnail":0,"footnotes":""},"class_list":["post-83","page","type-page","status-publish"],"_links":{"self":[{"href":"https:\/\/www.f75-schoeneck.de\/index.php\/wp-json\/wp\/v2\/pages\/83","targetHints":{"allow":["GET"]}}],"collection":[{"href":"https:\/\/www.f75-schoeneck.de\/index.php\/wp-json\/wp\/v2\/pages"}],"about":[{"href":"https:\/\/www.f75-schoeneck.de\/index.php\/wp-json\/wp\/v2\/types\/page"}],"author":[{"embeddable":true,"href":"https:\/\/www.f75-schoeneck.de\/index.php\/wp-json\/wp\/v2\/users\/1"}],"replies":[{"embeddable":true,"href":"https:\/\/www.f75-schoeneck.de\/index.php\/wp-json\/wp\/v2\/comments?post=83"}],"version-history":[{"count":10,"href":"https:\/\/www.f75-schoeneck.de\/index.php\/wp-json\/wp\/v2\/pages\/83\/revisions"}],"predecessor-version":[{"id":1505,"href":"https:\/\/www.f75-schoeneck.de\/index.php\/wp-json\/wp\/v2\/pages\/83\/revisions\/1505"}],"wp:attachment":[{"href":"https:\/\/www.f75-schoeneck.de\/index.php\/wp-json\/wp\/v2\/media?parent=83"}],"curies":[{"name":"wp","href":"https:\/\/api.w.org\/{rel}","templated":true}]}}