{"id":79,"date":"2018-08-11T19:39:37","date_gmt":"2018-08-11T17:39:37","guid":{"rendered":"http:\/\/192.168.178.155\/f75-schoeneck.de\/wordpress\/?page_id=79"},"modified":"2020-12-16T19:15:30","modified_gmt":"2020-12-16T18:15:30","slug":"via-regia-diplom-deutsch","status":"publish","type":"page","link":"https:\/\/www.f75-schoeneck.de\/index.php\/via-regia-diplom-deutsch\/","title":{"rendered":"Via Regia Diplom -Deutsch-"},"content":{"rendered":"<p><img loading=\"lazy\" decoding=\"async\" class=\"aligncenter size-full wp-image-1502\" src=\"https:\/\/www.f75-schoeneck.de\/wp-content\/uploads\/2020\/12\/0000-DL5K-Diplom-klein.jpg\" alt=\"\" width=\"9000\" height=\"6000\" srcset=\"https:\/\/www.f75-schoeneck.de\/wp-content\/uploads\/2020\/12\/0000-DL5K-Diplom-klein.jpg 9000w, https:\/\/www.f75-schoeneck.de\/wp-content\/uploads\/2020\/12\/0000-DL5K-Diplom-klein-300x200.jpg 300w, https:\/\/www.f75-schoeneck.de\/wp-content\/uploads\/2020\/12\/0000-DL5K-Diplom-klein-1024x683.jpg 1024w, https:\/\/www.f75-schoeneck.de\/wp-content\/uploads\/2020\/12\/0000-DL5K-Diplom-klein-768x512.jpg 768w\" sizes=\"auto, (max-width: 9000px) 100vw, 9000px\" \/><\/p>\n<p>Die VIA REGIA ist ein Name der \u00e4ltesten und l\u00e4ngsten Landverbindung zwischen Ost- und Westeuropa. Sie existiert seit mehr als 2.000 Jahren und verbindet mit 4.500 km L\u00e4nge acht europ\u00e4ische L\u00e4nder. Die Stra\u00dfe existiert heute in ihrer modernen Form als Europ\u00e4ischer Verkehrskorridor C III. Ein internationales Netzwerk nutzt das Potential der VIA REGIA als Sinnbild der Einigung Europas und wurde im Jahr 2006 als &#8222;Gro\u00dfe Kulturstra\u00dfe des Europarates&#8220; ausgezeichnet.<\/p>\n<p>Zur F\u00f6rderung der Amateurfunkaktivit\u00e4ten entlang dieser historischen Stra\u00dfe verleiht der Deutsche Amateur-Radio-Club e.V. (DARC) Ortsverband Sch\u00f6neck (F75) das Via-Regia-Diplom an alle lizenzierten Funkamateure und SWLs f\u00fcr nachgewiesene Kontakte nach dem 1. Januar 2006, dem Jahr der Anerkennung als \u201eGro\u00dfe Kulturstra\u00dfe des Europarates\u201c.<\/p>\n<p>Das Diplom kann auf Kurzwelle oder UKW beantragt werden. Zur Erlangung des Diploms sind folgende Verbindungen erforderlich:<\/p>\n<p>auf <strong>Kurzwelle<\/strong> jeweils <strong>ein<\/strong> Kontakt mit <strong>allen<\/strong> acht L\u00e4ndern:<\/p>\n<p style=\"padding-left: 40px;\">Spanien (EA)<\/p>\n<p style=\"padding-left: 40px;\">Frankreich (F)<\/p>\n<p style=\"padding-left: 40px;\">Belgien (ON)<\/p>\n<p style=\"padding-left: 40px;\">Deutschland (DL)<\/p>\n<p style=\"padding-left: 40px;\">Polen (SP)<\/p>\n<p style=\"padding-left: 40px;\">Ukraine (UR)<\/p>\n<p style=\"padding-left: 40px;\">Wei\u00dfrussland (EU)<\/p>\n<p style=\"padding-left: 40px;\">Litauen (LY)<\/p>\n<p>auf <strong>UKW<\/strong> jeweils <strong>ein<\/strong> Kontakt mit <strong>allen<\/strong> vier Bundesl\u00e4ndern (diese Bundesl\u00e4nder liegen entlang der \u201eHohe Stra\u00dfe\u201c, einer alten Handelsstra\u00dfe von Frankfurt nach Leipzig als Teilst\u00fcck der Via Regia):<\/p>\n<p style=\"padding-left: 40px;\">Hessen (DOK F)<\/p>\n<p style=\"padding-left: 40px;\">Sachsen (DOK S)<\/p>\n<p style=\"padding-left: 40px;\">Sachsen Anhalt (DOK W)<\/p>\n<p style=\"padding-left: 40px;\">Th\u00fcringen (DOK X)<\/p>\n<p>Der Diplomantrag kann zusammen mit einem Logbuchauszug per Mail an viaregiaaward@googlemail.com gesendet werden. Es gibt keine Band- oder Betriebsartenbeschr\u00e4nkung.<\/p>\n<p>Das Diplom ist kostenfrei und wird als PDF- und auf Wunsch als JPEG-Datei versendet. Eine gedruckte Version im Format 20x30cm ist zum Preis von 5\u20ac (Bankinformationen zur \u00dcberweisung bitte per Email erfragen) auf dem Postweg erh\u00e4ltlich.<\/p>\n","protected":false},"excerpt":{"rendered":"<p>Die VIA REGIA ist ein Name der \u00e4ltesten und l\u00e4ngsten Landverbindung zwischen Ost- und Westeuropa. Sie existiert seit mehr als 2.000 Jahren und verbindet mit 4.500 km L\u00e4nge acht europ\u00e4ische L\u00e4nder. Die Stra\u00dfe existiert heute in ihrer modernen Form als Europ\u00e4ischer Verkehrskorridor C III. Ein internationales Netzwerk nutzt das Potential der VIA REGIA als Sinnbild &#8230; <a title=\"Via Regia Diplom -Deutsch-\" class=\"read-more\" href=\"https:\/\/www.f75-schoeneck.de\/index.php\/via-regia-diplom-deutsch\/\" aria-label=\"Mehr Informationen \u00fcber Via Regia Diplom -Deutsch-\">Weiterlesen<\/a><\/p>\n","protected":false},"author":1,"featured_media":0,"parent":0,"menu_order":0,"comment_status":"closed","ping_status":"closed","template":"","meta":{"ngg_post_thumbnail":0,"footnotes":""},"class_list":["post-79","page","type-page","status-publish"],"_links":{"self":[{"href":"https:\/\/www.f75-schoeneck.de\/index.php\/wp-json\/wp\/v2\/pages\/79","targetHints":{"allow":["GET"]}}],"collection":[{"href":"https:\/\/www.f75-schoeneck.de\/index.php\/wp-json\/wp\/v2\/pages"}],"about":[{"href":"https:\/\/www.f75-schoeneck.de\/index.php\/wp-json\/wp\/v2\/types\/page"}],"author":[{"embeddable":true,"href":"https:\/\/www.f75-schoeneck.de\/index.php\/wp-json\/wp\/v2\/users\/1"}],"replies":[{"embeddable":true,"href":"https:\/\/www.f75-schoeneck.de\/index.php\/wp-json\/wp\/v2\/comments?post=79"}],"version-history":[{"count":16,"href":"https:\/\/www.f75-schoeneck.de\/index.php\/wp-json\/wp\/v2\/pages\/79\/revisions"}],"predecessor-version":[{"id":1503,"href":"https:\/\/www.f75-schoeneck.de\/index.php\/wp-json\/wp\/v2\/pages\/79\/revisions\/1503"}],"wp:attachment":[{"href":"https:\/\/www.f75-schoeneck.de\/index.php\/wp-json\/wp\/v2\/media?parent=79"}],"curies":[{"name":"wp","href":"https:\/\/api.w.org\/{rel}","templated":true}]}}