{"id":43,"date":"2018-08-11T18:33:12","date_gmt":"2018-08-11T16:33:12","guid":{"rendered":"http:\/\/192.168.178.155\/f75-schoeneck.de\/wordpress\/?page_id=43"},"modified":"2024-12-14T17:45:12","modified_gmt":"2024-12-14T16:45:12","slug":"ueber-uns","status":"publish","type":"page","link":"https:\/\/www.f75-schoeneck.de\/index.php\/ueber-uns\/","title":{"rendered":"\u00dcber uns"},"content":{"rendered":"<h3>Ortsverband Sch\u00f6neck F75<\/h3>\n<p>Unser Ortsverband Sch\u00f6neck F75 im Deutschen Amateur Radio Club e.V. \/ Distrikt Hessen wurde am 17.12.1994 gegr\u00fcndet.&nbsp;Der DARC e.V. (unser Dachverband) ist gegliedert in \u00fcber &nbsp;1 000 Ortsverb\u00e4nde, die in 24 Distrikten mit ca. <span class=\"st\">35.773 Mitgliedern (<wbr>Stand: 24. April 2016) <\/span>zusammengefasst sind.<\/p>\n<p><img loading=\"lazy\" decoding=\"async\" class=\"aligncenter wp-image-197\" src=\"http:\/\/www.f75-schoeneck.de\/wp-content\/uploads\/2018\/08\/karte_distrikte-220x300.jpg\" alt=\"\" width=\"332\" height=\"453\" srcset=\"https:\/\/www.f75-schoeneck.de\/wp-content\/uploads\/2018\/08\/karte_distrikte-220x300.jpg 220w, https:\/\/www.f75-schoeneck.de\/wp-content\/uploads\/2018\/08\/karte_distrikte.jpg 308w\" sizes=\"auto, (max-width: 332px) 100vw, 332px\" \/><\/p>\n<p>In unserem Ortsverband sind ca. 20 Funkamateure und Kurzwellenh\u00f6rer aus Sch\u00f6neck und dem Rhein-Main Gebiet organisiert.<\/p>\n<p>Unser gemeinsames Hobby Amateurfunk verbindet uns freundschaftlich und findet in unserem Ortsverband ein famili\u00e4r gepr\u00e4gtes Zuhause.<\/p>\n<p><strong>Die Ansprechfrequenzen des Ortsverbandes Sch\u00f6neck F75&nbsp;<\/strong><\/p>\n<p>2m 144,625 MHz<\/p>\n<p>Clubstation DA0VR<\/p>\n<p><strong>Notfunk im Main-Kinzig-Kreis<\/strong><\/p>\n<p>Erw\u00e4hnenswert ist das Gesetz \u00fcber den Amateurfunk (AFuG), das in \u00a7 2 als Amateurfunkdienst einen Funkdienst definiert, der u. a. zur Unterst\u00fctzung von Hilfsaktionen in Not- und Katastrophenf\u00e4llen wahrgenommen werden kann. \u00a7 5 sieht f\u00fcr den Not- und Katastrophenfall ausdr\u00fccklich eine Ausnahme f\u00fcr das Verbot der \u00dcbermittlung von Nachrichten an Dritte (nicht Funkamateure) vor.<\/p>\n<p>Wir Funkamateure im OV Sch\u00f6neck F75 wurde seitens des MKK aufgefordert, Ansprechpartner in unserem Ortsverband zur Unterst\u00fctzung und Aufrechterhaltung der Kommunikation in Krisenf\u00e4llen \/ Katastrophenf\u00e4llen namentlich zu benennen. Selbstverst\u00e4ndlich sind wir gerne dieser Aufforderung nachgekommen.<\/p>\n<p>Im konkreten Fall stehen wir dem <a href=\"http:\/\/www.mkk.de\/cms\/de\/aemter-und-betriebe\/aemter-liste\/gefahrenabwehrzentrum\/brand-und_katastrophenschutz\/katastrophenschutz\/index-katastrophenschutz.html\">Gefahrenabwehrzentrum des Main-Kinzig-Kreises<\/a> mit unserem Wissen und technischer Ausr\u00fcstung zur Verf\u00fcgung.<\/p>\n<p>Wenn nichts anderes mehr geht, fangen wir Funkamateure erst an. Wir k\u00f6nnen das, weil \u2026<em><br \/>\n<\/em><\/p>\n<ul>\n<li>wir \u00fcber nachgewiesenes funktechnisches Fachwissen verf\u00fcgen.<\/li>\n<li>f\u00fcr uns weltweite Kommunikation allt\u00e4glich ist.<\/li>\n<li>wir \u00fcber eigene analoge und digitale Kommunikationsnetze verf\u00fcgen.<\/li>\n<li>f\u00fcr uns V\u00f6lkerverst\u00e4ndigung \u00fcber Landesgrenzen hinweg selbstverst\u00e4ndlich ist.<\/li>\n<li>wir eigene Satelliten im Orbit betreiben.<\/li>\n<li>wir unser Wissen aus Leidenschaft stetig aktuell halten und ausbauen.<\/li>\n<li>wir die n\u00f6tige Ausr\u00fcstung wie Funkstationen und Antennen besitzen.<\/li>\n<li>wir den Einsatz in Katastrophenf\u00e4llen unabh\u00e4ngig vom \u00f6ffentlichen Stromnetz im Rahmen unserer Feldtage trainieren.<\/li>\n<\/ul>\n<p>Gute Gr\u00fcnde also, die Funkstation und die Antennen des Funkamateurs als Nachbarn aus einem anderen Blickwinkel zu betrachten.<\/p>\n","protected":false},"excerpt":{"rendered":"<p>Ortsverband Sch\u00f6neck F75 Unser Ortsverband Sch\u00f6neck F75 im Deutschen Amateur Radio Club e.V. \/ Distrikt Hessen wurde am 17.12.1994 gegr\u00fcndet.&nbsp;Der DARC e.V. (unser Dachverband) ist gegliedert in \u00fcber &nbsp;1 000 Ortsverb\u00e4nde, die in 24 Distrikten mit ca. 35.773 Mitgliedern (Stand: 24. April 2016) zusammengefasst sind. In unserem Ortsverband sind ca. 20 Funkamateure und Kurzwellenh\u00f6rer aus &#8230; <a title=\"\u00dcber uns\" class=\"read-more\" href=\"https:\/\/www.f75-schoeneck.de\/index.php\/ueber-uns\/\" aria-label=\"Mehr Informationen \u00fcber \u00dcber uns\">Weiterlesen<\/a><\/p>\n","protected":false},"author":1,"featured_media":0,"parent":0,"menu_order":0,"comment_status":"closed","ping_status":"closed","template":"","meta":{"ngg_post_thumbnail":0,"footnotes":""},"class_list":["post-43","page","type-page","status-publish"],"_links":{"self":[{"href":"https:\/\/www.f75-schoeneck.de\/index.php\/wp-json\/wp\/v2\/pages\/43","targetHints":{"allow":["GET"]}}],"collection":[{"href":"https:\/\/www.f75-schoeneck.de\/index.php\/wp-json\/wp\/v2\/pages"}],"about":[{"href":"https:\/\/www.f75-schoeneck.de\/index.php\/wp-json\/wp\/v2\/types\/page"}],"author":[{"embeddable":true,"href":"https:\/\/www.f75-schoeneck.de\/index.php\/wp-json\/wp\/v2\/users\/1"}],"replies":[{"embeddable":true,"href":"https:\/\/www.f75-schoeneck.de\/index.php\/wp-json\/wp\/v2\/comments?post=43"}],"version-history":[{"count":14,"href":"https:\/\/www.f75-schoeneck.de\/index.php\/wp-json\/wp\/v2\/pages\/43\/revisions"}],"predecessor-version":[{"id":2037,"href":"https:\/\/www.f75-schoeneck.de\/index.php\/wp-json\/wp\/v2\/pages\/43\/revisions\/2037"}],"wp:attachment":[{"href":"https:\/\/www.f75-schoeneck.de\/index.php\/wp-json\/wp\/v2\/media?parent=43"}],"curies":[{"name":"wp","href":"https:\/\/api.w.org\/{rel}","templated":true}]}}