{"id":168,"date":"2018-08-12T11:06:05","date_gmt":"2018-08-12T09:06:05","guid":{"rendered":"http:\/\/www.f75-schoeneck.de\/?page_id=168"},"modified":"2024-08-03T20:13:24","modified_gmt":"2024-08-03T18:13:24","slug":"kontakt-zum-ov-schoeneck-f75","status":"publish","type":"page","link":"https:\/\/www.f75-schoeneck.de\/index.php\/kontakt-zum-ov-schoeneck-f75\/","title":{"rendered":"Kontakt zum OV Sch\u00f6neck F75"},"content":{"rendered":"<p>Gerne stehen wir Ihnen f\u00fcr R\u00fcckfragen zur Verf\u00fcgung.<\/p>\n<p>Sie k\u00f6nnen uns per Email unter den Bestimmungen der DSGVO (siehe Datenschutzerkl\u00e4rung auf dieser Webseite) erreichen.<\/p>\n<p><strong>dm1mt@darc.de<\/strong><\/p>\n","protected":false},"excerpt":{"rendered":"<p>Gerne stehen wir Ihnen f\u00fcr R\u00fcckfragen zur Verf\u00fcgung. Sie k\u00f6nnen uns per Email unter den Bestimmungen der DSGVO (siehe Datenschutzerkl\u00e4rung auf dieser Webseite) erreichen. dm1mt@darc.de<\/p>\n","protected":false},"author":1,"featured_media":0,"parent":0,"menu_order":0,"comment_status":"closed","ping_status":"closed","template":"","meta":{"ngg_post_thumbnail":0,"footnotes":""},"class_list":["post-168","page","type-page","status-publish"],"_links":{"self":[{"href":"https:\/\/www.f75-schoeneck.de\/index.php\/wp-json\/wp\/v2\/pages\/168","targetHints":{"allow":["GET"]}}],"collection":[{"href":"https:\/\/www.f75-schoeneck.de\/index.php\/wp-json\/wp\/v2\/pages"}],"about":[{"href":"https:\/\/www.f75-schoeneck.de\/index.php\/wp-json\/wp\/v2\/types\/page"}],"author":[{"embeddable":true,"href":"https:\/\/www.f75-schoeneck.de\/index.php\/wp-json\/wp\/v2\/users\/1"}],"replies":[{"embeddable":true,"href":"https:\/\/www.f75-schoeneck.de\/index.php\/wp-json\/wp\/v2\/comments?post=168"}],"version-history":[{"count":6,"href":"https:\/\/www.f75-schoeneck.de\/index.php\/wp-json\/wp\/v2\/pages\/168\/revisions"}],"predecessor-version":[{"id":2026,"href":"https:\/\/www.f75-schoeneck.de\/index.php\/wp-json\/wp\/v2\/pages\/168\/revisions\/2026"}],"wp:attachment":[{"href":"https:\/\/www.f75-schoeneck.de\/index.php\/wp-json\/wp\/v2\/media?parent=168"}],"curies":[{"name":"wp","href":"https:\/\/api.w.org\/{rel}","templated":true}]}}