{"id":130,"date":"2018-08-12T09:27:55","date_gmt":"2018-08-12T07:27:55","guid":{"rendered":"http:\/\/www.f75-schoeneck.de\/?page_id=130"},"modified":"2019-01-05T16:38:36","modified_gmt":"2019-01-05T15:38:36","slug":"1250-jahre-oberdorfelden","status":"publish","type":"page","link":"https:\/\/www.f75-schoeneck.de\/index.php\/amateurfunk-in-schoeneck\/1250-jahre-oberdorfelden\/","title":{"rendered":"1250 Jahre Oberdorfelden"},"content":{"rendered":"<h3>Funkbetrieb anl\u00e4\u00dflich der 1250-Jahr-Feier der Gemeinde Sch\u00f6neck-Oberdorfelden im Jahre 2018<\/h3>\n<p style=\"text-align: left;\" align=\"justify\"><span style=\"font-size: large;\">Der Funkmarathon ist beendet. Nach den Funkaktivit\u00e4ten rund um die 1175-Jahr-Feier in Kilianst\u00e4dten und die 1200-Jahr-Feier in B\u00fcdesheim stand das Jahr 2018 im Zeichen des 1250-j\u00e4hrigen Jubil\u00e4ums des Ortsteils Oberdorfelden (Dorfelle). Auch in diesem Jubil\u00e4umsjahr sollte wieder Funkbetrieb von der Clubstation (Amateurfunk-Rufzeichen DL5K) des Deutschen Amateur-Radio Clubs e.V. Ortsverband Sch\u00f6neck F75 durchgef\u00fchrt werden. Das Ziel war, bis zum Jahresende 1250 Verbindungen in alle Welt ins Log zu bekommen. Anfang Dezember war es dann geschafft, wobei sich das Gros der Funkverbindungen technisch bedingt auf das europ\u00e4ische Ausland konzentrierte:<\/span><\/p>\n<p align=\"justify\"><img loading=\"lazy\" decoding=\"async\" class=\"alignnone size-full wp-image-801\" src=\"https:\/\/www.f75-schoeneck.de\/wp-content\/uploads\/2019\/01\/1250DF-DL5K-Map-Statistik.jpg\" alt=\"\" width=\"566\" height=\"526\" \/><\/p>\n<p><img loading=\"lazy\" decoding=\"async\" class=\"alignnone wp-image-732\" src=\"https:\/\/www.f75-schoeneck.de\/wp-content\/uploads\/2018\/11\/1250DF-DL5K-Map-Europa.jpg\" alt=\"\" width=\"1043\" height=\"901\" \/><\/p>\n<p><img loading=\"lazy\" decoding=\"async\" class=\"alignnone size-full wp-image-731\" src=\"https:\/\/www.f75-schoeneck.de\/wp-content\/uploads\/2018\/11\/1250DF-DL5K-Map-weltweit.jpg\" alt=\"\" width=\"1043\" height=\"801\" \/><\/p>\n<p>Kartendaten: OpenStreetMap-Mitwirkende, SRTM | Kartendarstellung: <a class=\"gma\" href=\"http:\/\/opentopomap.org\" target=\"_blank\" rel=\"noopener\">OpenTopoMap<\/a> (<a class=\"gma\" href=\"https:\/\/creativecommons.org\/licenses\/by-sa\/3.0\/\" target=\"_blank\" rel=\"noopener\">CC-BY-SA<\/a>)<\/p>\n<p style=\"text-align: left;\" align=\"justify\"><span style=\"font-size: large;\">Diese Funkverbindungen werden mit einer f\u00fcr die 1250-Jahr-Feier entworfenen Best\u00e4tigungskarte (QSL-Karte) unseres Ortsverbandes Sch\u00f6neck F75 best\u00e4tigt. Dazu wurde das Jubil\u00e4ums-Motiv gew\u00e4hlt und \u00fcber das Vermittlungsb\u00fcro unseres Dachverbandes, des Deutschen Amateur Radio Clubs e.V., an die jeweiligen Funkpartner in der ganzen Welt verschickt:<\/span><\/p>\n<p><img loading=\"lazy\" decoding=\"async\" class=\"wp-image-743 aligncenter\" src=\"https:\/\/www.f75-schoeneck.de\/wp-content\/uploads\/2018\/12\/QSL-Karte-Vorderseite-140mm-x-90mm.jpg\" alt=\"\" width=\"640\" height=\"412\" \/><\/p>\n<p style=\"text-align: left;\" align=\"justify\"><span style=\"font-size: large;\">Die k\u00fcrzeste Entfernung einer Jubil\u00e4ums-Funkverbindung betrug knapp 500m und war innerhalb des Ortsteils Kilianst\u00e4dten, die weiteste Funkverbindung ging mit ca. 14.000Km bis auf die russische Forschungsstation \u201eNovolazarevskaya station\u201c in der Antarktis.<\/span><\/p>\n\n\n<p><\/p>\n","protected":false},"excerpt":{"rendered":"<p>Funkbetrieb anl\u00e4\u00dflich der 1250-Jahr-Feier der Gemeinde Sch\u00f6neck-Oberdorfelden im Jahre 2018 Der Funkmarathon ist beendet. Nach den Funkaktivit\u00e4ten rund um die 1175-Jahr-Feier in Kilianst\u00e4dten und die 1200-Jahr-Feier in B\u00fcdesheim stand das Jahr 2018 im Zeichen des 1250-j\u00e4hrigen Jubil\u00e4ums des Ortsteils Oberdorfelden (Dorfelle). Auch in diesem Jubil\u00e4umsjahr sollte wieder Funkbetrieb von der Clubstation (Amateurfunk-Rufzeichen DL5K) des Deutschen &#8230; <a title=\"1250 Jahre Oberdorfelden\" class=\"read-more\" href=\"https:\/\/www.f75-schoeneck.de\/index.php\/amateurfunk-in-schoeneck\/1250-jahre-oberdorfelden\/\" aria-label=\"Mehr Informationen \u00fcber 1250 Jahre Oberdorfelden\">Weiterlesen<\/a><\/p>\n","protected":false},"author":1,"featured_media":0,"parent":122,"menu_order":0,"comment_status":"closed","ping_status":"closed","template":"","meta":{"ngg_post_thumbnail":0,"footnotes":""},"class_list":["post-130","page","type-page","status-publish"],"_links":{"self":[{"href":"https:\/\/www.f75-schoeneck.de\/index.php\/wp-json\/wp\/v2\/pages\/130","targetHints":{"allow":["GET"]}}],"collection":[{"href":"https:\/\/www.f75-schoeneck.de\/index.php\/wp-json\/wp\/v2\/pages"}],"about":[{"href":"https:\/\/www.f75-schoeneck.de\/index.php\/wp-json\/wp\/v2\/types\/page"}],"author":[{"embeddable":true,"href":"https:\/\/www.f75-schoeneck.de\/index.php\/wp-json\/wp\/v2\/users\/1"}],"replies":[{"embeddable":true,"href":"https:\/\/www.f75-schoeneck.de\/index.php\/wp-json\/wp\/v2\/comments?post=130"}],"version-history":[{"count":50,"href":"https:\/\/www.f75-schoeneck.de\/index.php\/wp-json\/wp\/v2\/pages\/130\/revisions"}],"predecessor-version":[{"id":807,"href":"https:\/\/www.f75-schoeneck.de\/index.php\/wp-json\/wp\/v2\/pages\/130\/revisions\/807"}],"up":[{"embeddable":true,"href":"https:\/\/www.f75-schoeneck.de\/index.php\/wp-json\/wp\/v2\/pages\/122"}],"wp:attachment":[{"href":"https:\/\/www.f75-schoeneck.de\/index.php\/wp-json\/wp\/v2\/media?parent=130"}],"curies":[{"name":"wp","href":"https:\/\/api.w.org\/{rel}","templated":true}]}}