{"id":128,"date":"2018-08-12T09:23:59","date_gmt":"2018-08-12T07:23:59","guid":{"rendered":"http:\/\/www.f75-schoeneck.de\/?page_id=128"},"modified":"2018-08-17T14:25:41","modified_gmt":"2018-08-17T12:25:41","slug":"1200-jahre-buedesheim","status":"publish","type":"page","link":"https:\/\/www.f75-schoeneck.de\/index.php\/amateurfunk-in-schoeneck\/1200-jahre-buedesheim\/","title":{"rendered":"1200 Jahre B\u00fcdesheim"},"content":{"rendered":"<h3>Funkbetrieb anl\u00e4\u00dflich der 1200-Jahr-Feier der Gemeinde B\u00fcdesheim im Jahre 2017<\/h3>\n<p>Wer in B\u00fcdesheim kennt Horst aus M\u00fchlacker, Helmut aus Alfeld, Roland aus Solothurn oder Valery aus Riga? Wahrscheinlich keiner. Aber alle kennen B\u00fcdesheim durch den Funkbetrieb anl\u00e4\u00dflich der 1200-Jahr-Feier unserer Gemeinde. Von der Clubstation (Amateurfunk-Rufzeichen DL5K) des Deutschen Amateur-Radio Clubs e.V. Ortsverband Sch\u00f6neck F75 wurden einige hundert Funkverbindungen in die ganze Welt durchgef\u00fchrt. Leider meinte es das Funkwetter nicht so gut mit uns. Aufgrund der geringen Sonnenaktivit\u00e4ten (Sonnenflecken) kamen im Gegensatz zu den Aktivit\u00e4ten beim Jubil\u00e4um in Kilianst\u00e4dten nicht so viele Fernverbindungen au\u00dferhalb Europas zustande. So standen am Ende des Jubil\u00e4umsjahres neben vielen Kontakten innerhalb Deutschlands folgende L\u00e4nder im Logbuch:<\/p>\n<p>Alaska, Albanien, Algerien, Azoren, Belgien, Bolivien, Bulgarien, D\u00e4nemark, Dominikanische Republik, England, Eritrea, Frankreich, Georgien, Griechenland, Guernsey, Indien, Israel, Italien, Jugoslawien, Kasachstan, Korsika, Kroatien, Lettland, Liechtenstein, Litauen, Niederlande, Niederl\u00e4ndische Antillen, \u00d6sterreich, Pal\u00e4stina, Polen, Portugal, Puerto Rico, Russland, Schweden, Schweiz, Slowenien, Spanien, Trinidad und Tobago, Tschechische Republik und Vereinigte Arabische Emirate.<\/p>\n<p>Diese Funkverbindungen wurden mit einer f\u00fcr die 1200 Jahr-Feier entworfenen Best\u00e4tigungskarte (QSL-Karte) unseres Ortsverbandes Sch\u00f6neck F75 best\u00e4tigt. Dazu wurde ein Jubil\u00e4ums-Motiv gew\u00e4hlt und \u00fcber das Vermittlungsb\u00fcro unseres Dachverbandes, des Deutschen Amateur Radio Clubs e.V., an die jeweiligen Funkpartner in der ganzen Welt verschickt:<\/p>\n<p><img loading=\"lazy\" decoding=\"async\" class=\"aligncenter wp-image-202\" src=\"http:\/\/www.f75-schoeneck.de\/wp-content\/uploads\/2018\/08\/DL5K_1200BH-300x193.jpeg\" alt=\"\" width=\"655\" height=\"422\" srcset=\"https:\/\/www.f75-schoeneck.de\/wp-content\/uploads\/2018\/08\/DL5K_1200BH-300x193.jpeg 300w, https:\/\/www.f75-schoeneck.de\/wp-content\/uploads\/2018\/08\/DL5K_1200BH.jpeg 713w\" sizes=\"auto, (max-width: 655px) 100vw, 655px\" \/><\/p>\n","protected":false},"excerpt":{"rendered":"<p>Funkbetrieb anl\u00e4\u00dflich der 1200-Jahr-Feier der Gemeinde B\u00fcdesheim im Jahre 2017 Wer in B\u00fcdesheim kennt Horst aus M\u00fchlacker, Helmut aus Alfeld, Roland aus Solothurn oder Valery aus Riga? Wahrscheinlich keiner. Aber alle kennen B\u00fcdesheim durch den Funkbetrieb anl\u00e4\u00dflich der 1200-Jahr-Feier unserer Gemeinde. Von der Clubstation (Amateurfunk-Rufzeichen DL5K) des Deutschen Amateur-Radio Clubs e.V. Ortsverband Sch\u00f6neck F75 wurden &#8230; <a title=\"1200 Jahre B\u00fcdesheim\" class=\"read-more\" href=\"https:\/\/www.f75-schoeneck.de\/index.php\/amateurfunk-in-schoeneck\/1200-jahre-buedesheim\/\" aria-label=\"Mehr Informationen \u00fcber 1200 Jahre B\u00fcdesheim\">Weiterlesen<\/a><\/p>\n","protected":false},"author":1,"featured_media":0,"parent":122,"menu_order":0,"comment_status":"closed","ping_status":"closed","template":"","meta":{"ngg_post_thumbnail":0,"footnotes":""},"class_list":["post-128","page","type-page","status-publish"],"_links":{"self":[{"href":"https:\/\/www.f75-schoeneck.de\/index.php\/wp-json\/wp\/v2\/pages\/128","targetHints":{"allow":["GET"]}}],"collection":[{"href":"https:\/\/www.f75-schoeneck.de\/index.php\/wp-json\/wp\/v2\/pages"}],"about":[{"href":"https:\/\/www.f75-schoeneck.de\/index.php\/wp-json\/wp\/v2\/types\/page"}],"author":[{"embeddable":true,"href":"https:\/\/www.f75-schoeneck.de\/index.php\/wp-json\/wp\/v2\/users\/1"}],"replies":[{"embeddable":true,"href":"https:\/\/www.f75-schoeneck.de\/index.php\/wp-json\/wp\/v2\/comments?post=128"}],"version-history":[{"count":4,"href":"https:\/\/www.f75-schoeneck.de\/index.php\/wp-json\/wp\/v2\/pages\/128\/revisions"}],"predecessor-version":[{"id":806,"href":"https:\/\/www.f75-schoeneck.de\/index.php\/wp-json\/wp\/v2\/pages\/128\/revisions\/806"}],"up":[{"embeddable":true,"href":"https:\/\/www.f75-schoeneck.de\/index.php\/wp-json\/wp\/v2\/pages\/122"}],"wp:attachment":[{"href":"https:\/\/www.f75-schoeneck.de\/index.php\/wp-json\/wp\/v2\/media?parent=128"}],"curies":[{"name":"wp","href":"https:\/\/api.w.org\/{rel}","templated":true}]}}